{"id":32,"date":"2017-05-15T10:56:27","date_gmt":"2017-05-15T10:56:27","guid":{"rendered":"http:\/\/terra-wohnkonzepte.de\/?page_id=32"},"modified":"2020-11-14T14:29:22","modified_gmt":"2020-11-14T14:29:22","slug":"home","status":"publish","type":"page","link":"https:\/\/terra-wohnkonzepte.de\/","title":{"rendered":"Terra Wohnkonzepte"},"content":{"rendered":"\n\n\tFair und ehrlich, das sind schnell gesagte Worte.\nWir wollen nicht nur dar\u00fcber sprechen wir wollen diese Worte umsetzen.\nUm ein Bauvorhaben zum Erfolg zu bringen, m\u00fcssen alle Beteiligten &#8211; Bauherr, Planer, ausf\u00fchrende Firmen bis zum kleinsten Bauhelfer &#8211; als Team funktionieren.\nWir haben dieses Team.\nKommen Sie in unser Team und seien Sie mit uns erfolgreich.\n<h1 style=\"text-align: center;\">Wir bauen mit Ihnen zusammen.<\/h1>\n<h1 style=\"text-align: center;\">Bauen mit Herz und Verstand.<\/h1>\n\t\t\t\t<img decoding=\"async\" src=\"http:\/\/terra-wohnkonzepte.de\/wp-content\/uploads\/2017\/05\/planung.jpg\" alt=\"planung\" itemprop=\"image\">\n\t<h1>Kontaktieren Sie uns<\/h1>\n<p>Gerne stehen wir Ihnen mit Rat und Tat zur Seite<\/p>\n\t<a href=\"http:\/\/terra-wohnkonzepte.de\/?page_id=44\">Kontakt<\/a>&nbsp;<a href=\"http:\/\/terra-wohnkonzepte.de\/?page_id=44\">Wir suchen&#8230;<\/a>\n","protected":false},"excerpt":{"rendered":"<p>Fair und ehrlich, das sind schnell gesagte Worte. Wir wollen nicht nur dar\u00fcber sprechen wir wollen diese Worte umsetzen. Um ein Bauvorhaben zum Erfolg zu bringen, m\u00fcssen alle Beteiligten &#8211; Bauherr, Planer, ausf\u00fchrende Firmen bis zum kleinsten Bauhelfer &#8211; als Team funktionieren. Wir haben dieses Team. Kommen Sie in unser Team und seien Sie mit&#8230;<\/p>\n","protected":false},"author":2,"featured_media":0,"parent":0,"menu_order":0,"comment_status":"closed","ping_status":"closed","template":"full-width-page.php","meta":{"footnotes":""},"_links":{"self":[{"href":"https:\/\/terra-wohnkonzepte.de\/index.php?rest_route=\/wp\/v2\/pages\/32"}],"collection":[{"href":"https:\/\/terra-wohnkonzepte.de\/index.php?rest_route=\/wp\/v2\/pages"}],"about":[{"href":"https:\/\/terra-wohnkonzepte.de\/index.php?rest_route=\/wp\/v2\/types\/page"}],"author":[{"embeddable":true,"href":"https:\/\/terra-wohnkonzepte.de\/index.php?rest_route=\/wp\/v2\/users\/2"}],"replies":[{"embeddable":true,"href":"https:\/\/terra-wohnkonzepte.de\/index.php?rest_route=%2Fwp%2Fv2%2Fcomments&post=32"}],"version-history":[{"count":9,"href":"https:\/\/terra-wohnkonzepte.de\/index.php?rest_route=\/wp\/v2\/pages\/32\/revisions"}],"predecessor-version":[{"id":171,"href":"https:\/\/terra-wohnkonzepte.de\/index.php?rest_route=\/wp\/v2\/pages\/32\/revisions\/171"}],"wp:attachment":[{"href":"https:\/\/terra-wohnkonzepte.de\/index.php?rest_route=%2Fwp%2Fv2%2Fmedia&parent=32"}],"curies":[{"name":"wp","href":"https:\/\/api.w.org\/{rel}","templated":true}]}}